{"id":30,"date":"2021-05-13T10:00:00","date_gmt":"2021-05-13T09:00:00","guid":{"rendered":"https:\/\/eseyecomtr.wpengine.com\/?page_id=30"},"modified":"2026-03-23T15:36:41","modified_gmt":"2026-03-23T15:36:41","slug":"home","status":"publish","type":"page","link":"https:\/\/www.eseye.com.tr\/en-gb\/","title":{"rendered":"Home"},"content":{"rendered":"  <section id=\"banner-block_5f071ca1887ed\" class=\"   eseye-banner\">\n        <div class=\"eseye-banner__hero\" data-carousel>\n                    <div id=\"banner-block_5f071ca1887ed0\" class=\"eseye-banner__carousel-cell carousel-cell eseye-banner__carousel-cell--regular-text eseye-banner__carousel-cell--text-shadow\">\n          <div class=\"eseye-banner__overlay\"><\/div>\n                      <div class=\"eseye-banner__inner container\">\n              <h1 class=\"eseye-banner__title white\">Global Cellular IoT Connectivity<span>.<\/span><\/h1>\n              <h2 class=\"eseye-banner__subtitle white\">The most advanced, intelligent eSIM providing access to over 800 mobile networks, including localized connectivity to comply with Turkish regulations<\/h2>\n                                                                      <\/div>\n                  <\/div>\n          <\/div>\n  <\/section>\n  <style type=\"text\/css\">#banner-block_5f071ca1887ed0{background-image: url(https:\/\/www.eseye.com.tr\/wp-content\/uploads\/2025\/12\/Eseye-Hero-Bridge-2560-tr.webp);}@media only screen and (max-width: 1000px) { #banner-block_5f071ca1887ed0 { background-image: url(https:\/\/www.eseye.com.tr\/wp-content\/uploads\/2025\/12\/Eseye-Hero-Bridge-Turkey-1000x627.webp); } }@media only screen and (max-width: 600px) { #banner-block_5f071ca1887ed0 { background-image: url(https:\/\/www.eseye.com.tr\/wp-content\/uploads\/2025\/12\/Eseye-Hero-Bridge-Turkey-600x376.webp); } }<\/style>\n\n\n    <section id=\"classic-edit-block_60acf72c89157\" class=\"classic-edit    \">\n        <div class=\"container\">\n      <div class=\"row\">\n        <div class=\"col-12\">\n          <h1 class=\"text-center\">Why choose Eseye to be your guide<\/h1>\n<p style=\"text-align: center;\">Trusted by thousands of customers from every industry vertical. From initial concept through to IoT device design, IoT cellular connectivity, hardware, technical consultancy, and round-the-clock support, our teams promise to be with you every step of your IoT journey.<\/p>\n        <\/div>\n      <\/div>\n    <\/div>\n  <\/section>\n\n\n    <section id=\"classic-edit-block_629f21eb0929c\" class=\"classic-edit    \">\n        <div class=\"container\">\n      <div class=\"row\">\n        <div class=\"col-12\">\n          <p style=\"font-size: 36pt; color: #002554; text-align: center;\">Eseye does not provide any electronic communication services (within the scope of MVNO) until the authorisation is given.<\/p>\n        <\/div>\n      <\/div>\n    <\/div>\n  <\/section>\n\n\n<section id=\"eseye-columns-block_60acf77e89158\" class=\"eseye-columns eseye-columns--3-cols   \">\n  \t<div class=\"container\">\n\t\t<div class=\"row\">\n\t\t\t<div class=\"col-12\">\n\t\t\t\t\t\t\t\t\t<div class=\"eseye-columns__intro\">\n\t\t\t\t\t\t<h2>How Eseye can help you comply with Turkish regulations and deploy IoT globally<\/h2>\n\t\t\t\t\t<\/div>\n\t\t\t\t\t\t\t\t\n\t\t\t\t<div class=\"eseye-columns__columns\">\n\t\t\t\t\t\t\t\t\t\t\t<div class=\"eseye-columns__column\">\n\t\t\t\t\t\t\t\t\t\t\t\t\t\t\t<img decoding=\"async\" src=\"https:\/\/www.eseye.com.tr\/wp-content\/uploads\/2020\/08\/Router-300x300.png\" alt=\"\" class=\"eseye-columns__icon\">\n\t\t\t\t\t\t\t\n\t\t\t\t\t\t\t\t\t\t\t\t\t\t\t<h4 class=\"eseye-columns__title\">Avoid Permanent Roaming<\/h4>\n\t\t\t\t\t\t\t\n\t\t\t\t\t\t\t\t\t\t\t\t\t\t\t<div class=\"eseye-columns__content\">\n\t\t\t\t\t\t\t\t\t<p>Load new network profiles over-the-air whilst maintaining fallback networks to provide near 100% global connectivity.<\/p>\n\t\t\t\t\t\t\t\t<\/div>\n\t\t\t\t\t\t\t\n\t\t\t\t\t\t\t\t\t\t\t\t\t<\/div>\n\t\t\t\t\t\t\t\t\t\t\t<div class=\"eseye-columns__column\">\n\t\t\t\t\t\t\t\t\t\t\t\t\t\t\t<img decoding=\"async\" src=\"https:\/\/www.eseye.com.tr\/wp-content\/uploads\/2020\/08\/Sim-300x300.png\" alt=\"\" class=\"eseye-columns__icon\">\n\t\t\t\t\t\t\t\n\t\t\t\t\t\t\t\t\t\t\t\t\t\t\t<h4 class=\"eseye-columns__title\">eSIM Localization<\/h4>\n\t\t\t\t\t\t\t\n\t\t\t\t\t\t\t\t\t\t\t\t\t\t\t<div class=\"eseye-columns__content\">\n\t\t\t\t\t\t\t\t\t<p>Our Multi-IMSI technology rotates between multiple mobile network profiles for access to over 700 networks.<\/p>\n\t\t\t\t\t\t\t\t<\/div>\n\t\t\t\t\t\t\t\n\t\t\t\t\t\t\t\t\t\t\t\t\t<\/div>\n\t\t\t\t\t\t\t\t\t\t\t<div class=\"eseye-columns__column\">\n\t\t\t\t\t\t\t\t\t\t\t\t\t\t\t<img decoding=\"async\" src=\"https:\/\/www.eseye.com.tr\/wp-content\/uploads\/2020\/08\/Connectivity-Mangement-300x300.png\" alt=\"\" class=\"eseye-columns__icon\">\n\t\t\t\t\t\t\t\n\t\t\t\t\t\t\t\t\t\t\t\t\t\t\t<h4 class=\"eseye-columns__title\">Near 100% Connectivity<\/h4>\n\t\t\t\t\t\t\t\n\t\t\t\t\t\t\t\t\t\t\t\t\t\t\t<div class=\"eseye-columns__content\">\n\t\t\t\t\t\t\t\t\t<p>Seamlessly switch networks quickly and effectively to achieve greater uptime, performance and value.<\/p>\n\t\t\t\t\t\t\t\t<\/div>\n\t\t\t\t\t\t\t\n\t\t\t\t\t\t\t\t\t\t\t\t\t<\/div>\n\t\t\t\t\t\t\t\t\t<\/div>\n\n\t\t\t\t\t\t\t<\/div>\n\t\t<\/div>\n\t<\/div>\n<\/section>\n\n<section id=\"two-cols-block_60acf84a8915c\" class=\"two-cols two-cols--image-right-content-left two-cols--    \">\n    <div class=\"container\">\n    <div class=\"row \">\n            <div class=\"col-lg-6\">\n        <div class=\"two-cols__col-content two-cols__col-content--without-title\">\n          <div class=\"two-cols__border-text\">\n            ESIM LOCALIZATION          <\/div>\n                    <h2 class=\"two-cols__title\"><\/h2>\n          <h3 class=\"two-cols__subtitle\"><\/h3>\n          <div class=\"two-cols__content\">\n            <p>Future-proofing IoT devices to ensure they can agnostically switch between networks is becoming increasingly critical as more and more roaming restrictions and regulations come into effect around the world, which recently includes Turkey.<\/p>\n<p>Many enterprises with global IoT projects opt for an eSIM which offers a localization option to safeguard their devices estate, no matter where it is deployed in the world.  Eseye&#8217;s AnyNet+ eSIM provides a solution that eliminates the future risks associated with roaming, lowering the total cost of ownership for projects when compared to risks associated with physical SIM-swaps.<\/p>\n          <\/div>\n                  <\/div>\n      <\/div>\n      <div class=\"col-lg-6\">\n        <img decoding=\"async\" src=\"https:\/\/www.eseye.com.tr\/wp-content\/uploads\/2021\/03\/Eseye-localized-verizon-network-example-v2.png\" class=\"two-cols__image\">\n      <\/div>\n          <\/div>\n  <\/div>\n<\/section>\n\n\n  <section id=\"accreditations-block_5f0f11ad9a24e\" class=\" standard-pd  accreditations\">\n        <div class=\"container\">\n            <div class=\"row\">\n        <div class=\"col\">\n          <div class=\"accreditations__border-text\">\n            Helping Organisations Unlock IoT          <\/div>\n          <h2 class=\"accreditations__title\">Real results with our unique IoT connectivity<\/h2>\n        <\/div>\n      <\/div>\n            <div class=\"row\">\n        <div class=\"d-lg-flex flex-wrap accreditations__wrap \">\n                                                          <article class=\"accreditations__accreditation\">\n                              <a href=\"https:\/\/www.eseye.com.tr\/en-gb\/case-studies\/costa-express\/\">\n                              <img decoding=\"async\" src=\"https:\/\/www.eseye.com.tr\/wp-content\/uploads\/2020\/07\/5-Costa-1.png\" alt=\"Costa\" class=\"accreditations__logo\">\n                              <\/a>\n                          <\/article>\n                                                          <article class=\"accreditations__accreditation\">\n                              <a href=\"https:\/\/www.eseye.com.tr\/en-gb\/case-studies\/philips\/\">\n                              <img decoding=\"async\" src=\"https:\/\/www.eseye.com.tr\/wp-content\/uploads\/2020\/07\/4-Philips-2.png\" alt=\"Philips\" class=\"accreditations__logo\">\n                              <\/a>\n                          <\/article>\n                                                          <article class=\"accreditations__accreditation\">\n                              <a href=\"https:\/\/www.eseye.com.tr\/en-gb\/case-studies\/shell-new-motion\/\">\n                              <img decoding=\"async\" src=\"https:\/\/www.eseye.com.tr\/wp-content\/uploads\/2020\/01\/shell-logo.png\" alt=\"New Motion\" class=\"accreditations__logo\">\n                              <\/a>\n                          <\/article>\n                                                          <article class=\"accreditations__accreditation\">\n                              <img decoding=\"async\" src=\"https:\/\/www.eseye.com.tr\/wp-content\/uploads\/2020\/08\/Siemens.png\" alt=\"Siemens\" class=\"accreditations__logo\">\n                          <\/article>\n                                                          <article class=\"accreditations__accreditation\">\n                              <img decoding=\"async\" src=\"https:\/\/www.eseye.com.tr\/wp-content\/uploads\/2020\/08\/Bosch.png\" alt=\"Bosch\" class=\"accreditations__logo\">\n                          <\/article>\n                                                          <article class=\"accreditations__accreditation\">\n                              <img decoding=\"async\" src=\"https:\/\/www.eseye.com.tr\/wp-content\/uploads\/2020\/08\/Amazon.png\" alt=\"Amazon\" class=\"accreditations__logo\">\n                          <\/article>\n                                                          <article class=\"accreditations__accreditation\">\n                              <a href=\"https:\/\/www.eseye.com.tr\/en-gb\/case-studies\/positec\/\">\n                              <img decoding=\"async\" src=\"https:\/\/www.eseye.com.tr\/wp-content\/uploads\/2020\/07\/Positec-logo-trans.png\" alt=\"Positec\" class=\"accreditations__logo\">\n                              <\/a>\n                          <\/article>\n                                                          <article class=\"accreditations__accreditation\">\n                              <img decoding=\"async\" src=\"https:\/\/www.eseye.com.tr\/wp-content\/uploads\/2020\/09\/BP-Chargemaster-transparent-800x210.png\" alt=\"BP Chargemaster\" class=\"accreditations__logo\">\n                          <\/article>\n                                                          <article class=\"accreditations__accreditation\">\n                              <img decoding=\"async\" src=\"https:\/\/www.eseye.com.tr\/wp-content\/uploads\/2020\/11\/Sony.png\" alt=\"Sony\" class=\"accreditations__logo\">\n                          <\/article>\n                                                          <article class=\"accreditations__accreditation\">\n                              <img decoding=\"async\" src=\"https:\/\/www.eseye.com.tr\/wp-content\/uploads\/2021\/01\/chubb-logo.png\" alt=\"Chubb\" class=\"accreditations__logo\">\n                          <\/article>\n                  <\/div>\n      <\/div>\n                        <\/div>\n  <\/section>\n\n\n<section id=\"two-cols-block_60acfa32b11e6\" class=\"two-cols two-cols--image-right-content-left two-cols--    \">\n    <div class=\"container\">\n    <div class=\"row \">\n            <div class=\"col-lg-6\">\n        <div class=\"two-cols__col-content \">\n          <div class=\"two-cols__border-text\">\n            CONTACT US          <\/div>\n                    <h2 class=\"two-cols__title\">Contact Eseye Turkey<\/h2>\n          <h3 class=\"two-cols__subtitle\"><\/h3>\n          <div class=\"two-cols__content\">\n            <p>Esentepe, Kore \u015eehitleri Cd.<br \/>\n16\/1,\u00a0 \u0130stanbul &#8211; \u015ei\u015fli, 34394 Turkey<\/p>\n<p><strong>Phone: <\/strong>+90-212-275-2626<br \/>\n<strong>Email: <\/strong><a href=\"mailto:enquiries@eseye.com.tr\">enquiries@eseye.com.tr<\/a><\/p>\n          <\/div>\n                      <a href=\"#eseye-columns-block_60acfcc4b11e8\" class=\"btn-eseye btn-eseye--teal\">\n              Global office locations            <\/a>\n                  <\/div>\n      <\/div>\n      <div class=\"col-lg-6\">\n        <img decoding=\"async\" src=\"https:\/\/www.eseye.com.tr\/wp-content\/uploads\/2021\/05\/Eseye-Turkey-office.jpg\" class=\"two-cols__image\">\n      <\/div>\n          <\/div>\n  <\/div>\n<\/section>\n\n\n<section id=\"two-cols-block_60acfc19b11e7\" class=\"two-cols two-cols--image-left-content-right two-cols--    \">\n    <div class=\"container\">\n    <div class=\"row \">\n            <div class=\"col-lg-6\">\n        <img decoding=\"async\" src=\"https:\/\/www.eseye.com.tr\/wp-content\/uploads\/2020\/09\/MULTI-IMSI-2-Medium-1000w-x-666h.png\" class=\"two-cols__image\">\n      <\/div>\n      <div class=\"col-lg-6\">\n        <div class=\"two-cols__col-content \">\n          <div class=\"two-cols__border-text reverse-direction\">\n                      <\/div>\n                    <h2 class=\"two-cols__title\">Need Support?<\/h2>\n          <h3 class=\"two-cols__subtitle\"><\/h3>\n          <div class=\"two-cols__content\">\n            <p>If your enquiry is regarding your IoT deployment with us &#8211; please raise a support ticket and one of our technical support team will contact you.<\/p>\n          <\/div>\n                      <a href=\"#eseye-columns-block_60acfcc4b11e8\" class=\"btn-eseye btn-eseye--teal\">\n              Contact support            <\/a>\n                  <\/div>\n      <\/div>\n          <\/div>\n  <\/div>\n<\/section>\n\n\n<section id=\"eseye-columns-block_60acfcc4b11e8\" class=\"eseye-columns eseye-columns--3-cols   \">\n  \t<div class=\"container\">\n\t\t<div class=\"row\">\n\t\t\t<div class=\"col-12\">\n\t\t\t\t\t\t\t\t\t<div class=\"eseye-columns__intro\">\n\t\t\t\t\t\t<h3>Find our offices around the world<\/h3>\n\t\t\t\t\t<\/div>\n\t\t\t\t\t\t\t\t\n\t\t\t\t<div class=\"eseye-columns__columns\">\n\t\t\t\t\t\t\t\t\t\t\t<div class=\"eseye-columns__column\">\n\t\t\t\t\t\t\t\t\t\t\t\t\t\t\t<img decoding=\"async\" src=\"https:\/\/www.eseye.com.tr\/wp-content\/uploads\/2020\/09\/Asset-2-1-300x300.png\" alt=\"\" class=\"eseye-columns__icon\">\n\t\t\t\t\t\t\t\n\t\t\t\t\t\t\t\t\t\t\t\t\t\t\t<h4 class=\"eseye-columns__title\">Locations<\/h4>\n\t\t\t\t\t\t\t\n\t\t\t\t\t\t\t\t\t\t\t\t\t\t\t<div class=\"eseye-columns__content\">\n\t\t\t\t\t\t\t\t\t<p style=\"text-align: left;\"><strong>Global Head office:<\/strong><br \/>\nEseye Ltd. 20 Nugent Road, Guildford, GU2 7AF, UK<\/p>\n<p style=\"text-align: left;\"><strong>North America office:<\/strong><br \/>\n2880 Zanker Rd, Suite 203, San Jose, CA 95134<\/p>\n<p style=\"text-align: left;\"><strong>Europe office:<\/strong><br \/>\n27 Rue Marius Jacotot, 92800 Puteaux<\/p>\n<p style=\"text-align: left;\"><strong>Latin America office:<\/strong><br \/>\nRua Bela Cintra, 756, Sala 62, S\u00e3o Paulo, SP, Brazil, 01415-002<\/p>\n<p style=\"text-align: left;\"><strong>India office:<\/strong><br \/>\nGround Floor, Logix Park, A-4 &amp; 5, Sector 16, Noida, India 201301<\/p>\n<p style=\"text-align: left;\"><strong>Turkey office:<\/strong><br \/>\nEsentepe, Kore \u015eehitleri Cd. 16\/1,\u00a0 \u0130stanbul &#8211; \u015ei\u015fli, 34394 Turkey<\/p>\n\t\t\t\t\t\t\t\t<\/div>\n\t\t\t\t\t\t\t\n\t\t\t\t\t\t\t\t\t\t\t\t\t<\/div>\n\t\t\t\t\t\t\t\t\t\t\t<div class=\"eseye-columns__column\">\n\t\t\t\t\t\t\t\t\t\t\t\t\t\t\t<img decoding=\"async\" src=\"https:\/\/www.eseye.com.tr\/wp-content\/uploads\/2020\/09\/Asset-5-300x300.png\" alt=\"\" class=\"eseye-columns__icon\">\n\t\t\t\t\t\t\t\n\t\t\t\t\t\t\t\t\t\t\t\t\t\t\t<h4 class=\"eseye-columns__title\">Call Us<\/h4>\n\t\t\t\t\t\t\t\n\t\t\t\t\t\t\t\t\t\t\t\t\t\t\t<div class=\"eseye-columns__content\">\n\t\t\t\t\t\t\t\t\t<p style=\"text-align: left;\"><strong>Sales offices:<\/strong><br \/>\nUK (Head office): +44 1483 802501<br \/>\nFrance: +33 9 87 67 53 36<br \/>\nNorway: +47 454 62 017<br \/>\nAfrica: +27 87 551 8200<br \/>\nNorth America: +1 512-813-0599<br \/>\nSouth America: +55 11 4632-1843<br \/>\nTurkey: +90-212-275-2626<\/p>\n\t\t\t\t\t\t\t\t<\/div>\n\t\t\t\t\t\t\t\n\t\t\t\t\t\t\t\t\t\t\t\t\t<\/div>\n\t\t\t\t\t\t\t\t\t\t\t<div class=\"eseye-columns__column\">\n\t\t\t\t\t\t\t\t\t\t\t\t\t\t\t<img decoding=\"async\" src=\"https:\/\/www.eseye.com.tr\/wp-content\/uploads\/2020\/09\/Asset-7-300x300.png\" alt=\"\" class=\"eseye-columns__icon\">\n\t\t\t\t\t\t\t\n\t\t\t\t\t\t\t\t\t\t\t\t\t\t\t<h4 class=\"eseye-columns__title\">Contact Support<\/h4>\n\t\t\t\t\t\t\t\n\t\t\t\t\t\t\t\t\t\t\t\t\t\t\t<div class=\"eseye-columns__content\">\n\t\t\t\t\t\t\t\t\t<p style=\"text-align: left;\"><strong>Technical Support:<\/strong><br \/>\nUK (Head office): +44 1483 802503<br \/>\nAustralia: +61 8 9551 5200<br \/>\nBrazil: +55 11 4950-7015<br \/>\nFrance: +33 9 87 67 53 37<br \/>\nUnited States: +1 484-935-3130<br \/>\nTurkey: +90-212-275-2626<br \/>\nEmail: <a href=\"mailto:support@eseye.com.tr\">support@eseye.com.tr<\/a><\/p>\n\t\t\t\t\t\t\t\t<\/div>\n\t\t\t\t\t\t\t\n\t\t\t\t\t\t\t\t\t\t\t\t\t<\/div>\n\t\t\t\t\t\t\t\t\t<\/div>\n\n\t\t\t\t\t\t\t<\/div>\n\t\t<\/div>\n\t<\/div>\n<\/section>","protected":false},"excerpt":{"rendered":"","protected":false},"author":1,"featured_media":7515,"parent":0,"menu_order":5,"comment_status":"closed","ping_status":"closed","template":"","meta":{"footnotes":""},"class_list":["post-30","page","type-page","status-publish","has-post-thumbnail","hentry"],"yoast_head":"<!-- This site is optimized with the Yoast SEO plugin v27.2 - https:\/\/yoast.com\/product\/yoast-seo-wordpress\/ -->\n<title>Eseye - Pioneering IoT Cellular Connectivity Solutions For Your IoT Project<\/title>\n<meta name=\"description\" content=\"Innovative IoT cellular connectivity, versatile hardware, and technical consultancy to unlock the potential of IoT for your organisation\" \/>\n<meta name=\"robots\" content=\"noindex, follow\" \/>\n<meta property=\"og:locale\" content=\"en_GB\" \/>\n<meta property=\"og:type\" content=\"article\" \/>\n<meta property=\"og:title\" content=\"Eseye - Pioneering IoT Cellular Connectivity Solutions For Your IoT Project\" \/>\n<meta property=\"og:description\" content=\"Innovative IoT cellular connectivity, versatile hardware, and technical consultancy to unlock the potential of IoT for your organisation\" \/>\n<meta property=\"og:url\" content=\"https:\/\/www.eseye.com.tr\/en-gb\/\" \/>\n<meta property=\"og:site_name\" content=\"Eseye | Global H\u00fccresel IoT Ba\u011flant\u0131s\u0131\" \/>\n<meta property=\"article:modified_time\" content=\"2026-03-23T15:36:41+00:00\" \/>\n<meta property=\"og:image\" content=\"https:\/\/www.eseye.com.tr\/wp-content\/uploads\/2021\/05\/Agriculture-Home-Small-600-w-x-800-h.jpg\" \/>\n\t<meta property=\"og:image:width\" content=\"800\" \/>\n\t<meta property=\"og:image:height\" content=\"1067\" \/>\n\t<meta property=\"og:image:type\" content=\"image\/jpeg\" \/>\n<meta name=\"twitter:card\" content=\"summary_large_image\" \/>\n<meta name=\"twitter:label1\" content=\"Estimated reading time\" \/>\n\t<meta name=\"twitter:data1\" content=\"1 minute\" \/>\n<script type=\"application\/ld+json\" class=\"yoast-schema-graph\">{\"@context\":\"https:\/\/schema.org\",\"@graph\":[{\"@type\":\"WebPage\",\"@id\":\"https:\/\/www.eseye.com.tr\/en-gb\/\",\"url\":\"https:\/\/www.eseye.com.tr\/en-gb\/\",\"name\":\"Eseye - Pioneering IoT Cellular Connectivity Solutions For Your IoT Project\",\"isPartOf\":{\"@id\":\"https:\/\/www.eseye.com.tr\/en-gb\/#website\"},\"primaryImageOfPage\":{\"@id\":\"https:\/\/www.eseye.com.tr\/en-gb\/#primaryimage\"},\"image\":{\"@id\":\"https:\/\/www.eseye.com.tr\/en-gb\/#primaryimage\"},\"thumbnailUrl\":\"https:\/\/www.eseye.com.tr\/wp-content\/uploads\/2021\/05\/Agriculture-Home-Small-600-w-x-800-h.jpg\",\"datePublished\":\"2021-05-13T09:00:00+00:00\",\"dateModified\":\"2026-03-23T15:36:41+00:00\",\"description\":\"Innovative IoT cellular connectivity, versatile hardware, and technical consultancy to unlock the potential of IoT for your organisation\",\"breadcrumb\":{\"@id\":\"https:\/\/www.eseye.com.tr\/en-gb\/#breadcrumb\"},\"inLanguage\":\"en-GB\",\"potentialAction\":[{\"@type\":\"ReadAction\",\"target\":[\"https:\/\/www.eseye.com.tr\/en-gb\/\"]}]},{\"@type\":\"ImageObject\",\"inLanguage\":\"en-GB\",\"@id\":\"https:\/\/www.eseye.com.tr\/en-gb\/#primaryimage\",\"url\":\"https:\/\/www.eseye.com.tr\/wp-content\/uploads\/2021\/05\/Agriculture-Home-Small-600-w-x-800-h.jpg\",\"contentUrl\":\"https:\/\/www.eseye.com.tr\/wp-content\/uploads\/2021\/05\/Agriculture-Home-Small-600-w-x-800-h.jpg\",\"width\":800,\"height\":1067,\"caption\":\"Woman smart agriculture IoT\"},{\"@type\":\"BreadcrumbList\",\"@id\":\"https:\/\/www.eseye.com.tr\/en-gb\/#breadcrumb\",\"itemListElement\":[{\"@type\":\"ListItem\",\"position\":1,\"name\":\"Home\",\"item\":\"https:\/\/www.eseye.com.tr\/en-gb\/\"},{\"@type\":\"ListItem\",\"position\":2,\"name\":\"Home\"}]},{\"@type\":\"WebSite\",\"@id\":\"https:\/\/www.eseye.com.tr\/en-gb\/#website\",\"url\":\"https:\/\/www.eseye.com.tr\/en-gb\/\",\"name\":\"Eseye | Global H\u00fccresel IoT Ba\u011flant\u0131s\u0131\",\"description\":\"T\u00fcrk y\u00f6netmeliklerine uyan yerelle\u015ftirilmi\u015f ba\u011flant\u0131 dahil 800\u2019den fazla mobil a\u011fa eri\u015fim sa\u011flayan en geli\u015fmi\u015f, ak\u0131ll\u0131 eSIM\",\"publisher\":{\"@id\":\"https:\/\/www.eseye.com.tr\/en-gb\/#organization\"},\"potentialAction\":[{\"@type\":\"SearchAction\",\"target\":{\"@type\":\"EntryPoint\",\"urlTemplate\":\"https:\/\/www.eseye.com.tr\/en-gb\/?s={search_term_string}\"},\"query-input\":{\"@type\":\"PropertyValueSpecification\",\"valueRequired\":true,\"valueName\":\"search_term_string\"}}],\"inLanguage\":\"en-GB\"},{\"@type\":\"Organization\",\"@id\":\"https:\/\/www.eseye.com.tr\/en-gb\/#organization\",\"name\":\"Eseye Ltd\",\"url\":\"https:\/\/www.eseye.com.tr\/en-gb\/\",\"logo\":{\"@type\":\"ImageObject\",\"inLanguage\":\"en-GB\",\"@id\":\"https:\/\/www.eseye.com.tr\/en-gb\/#\/schema\/logo\/image\/\",\"url\":\"https:\/\/eseyecomtr.wpengine.com\/wp-content\/uploads\/2021\/03\/ESEYE-FULLCOLOUR-crop-small.jpg\",\"contentUrl\":\"https:\/\/eseyecomtr.wpengine.com\/wp-content\/uploads\/2021\/03\/ESEYE-FULLCOLOUR-crop-small.jpg\",\"width\":1000,\"height\":128,\"caption\":\"Eseye Ltd\"},\"image\":{\"@id\":\"https:\/\/www.eseye.com.tr\/en-gb\/#\/schema\/logo\/image\/\"}}]}<\/script>\n<!-- \/ Yoast SEO plugin. -->","yoast_head_json":{"title":"Eseye - Pioneering IoT Cellular Connectivity Solutions For Your IoT Project","description":"Innovative IoT cellular connectivity, versatile hardware, and technical consultancy to unlock the potential of IoT for your organisation","robots":{"index":"noindex","follow":"follow"},"og_locale":"en_GB","og_type":"article","og_title":"Eseye - Pioneering IoT Cellular Connectivity Solutions For Your IoT Project","og_description":"Innovative IoT cellular connectivity, versatile hardware, and technical consultancy to unlock the potential of IoT for your organisation","og_url":"https:\/\/www.eseye.com.tr\/en-gb\/","og_site_name":"Eseye | Global H\u00fccresel IoT Ba\u011flant\u0131s\u0131","article_modified_time":"2026-03-23T15:36:41+00:00","og_image":[{"width":800,"height":1067,"url":"https:\/\/www.eseye.com.tr\/wp-content\/uploads\/2021\/05\/Agriculture-Home-Small-600-w-x-800-h.jpg","type":"image\/jpeg"}],"twitter_card":"summary_large_image","twitter_misc":{"Estimated reading time":"1 minute"},"schema":{"@context":"https:\/\/schema.org","@graph":[{"@type":"WebPage","@id":"https:\/\/www.eseye.com.tr\/en-gb\/","url":"https:\/\/www.eseye.com.tr\/en-gb\/","name":"Eseye - Pioneering IoT Cellular Connectivity Solutions For Your IoT Project","isPartOf":{"@id":"https:\/\/www.eseye.com.tr\/en-gb\/#website"},"primaryImageOfPage":{"@id":"https:\/\/www.eseye.com.tr\/en-gb\/#primaryimage"},"image":{"@id":"https:\/\/www.eseye.com.tr\/en-gb\/#primaryimage"},"thumbnailUrl":"https:\/\/www.eseye.com.tr\/wp-content\/uploads\/2021\/05\/Agriculture-Home-Small-600-w-x-800-h.jpg","datePublished":"2021-05-13T09:00:00+00:00","dateModified":"2026-03-23T15:36:41+00:00","description":"Innovative IoT cellular connectivity, versatile hardware, and technical consultancy to unlock the potential of IoT for your organisation","breadcrumb":{"@id":"https:\/\/www.eseye.com.tr\/en-gb\/#breadcrumb"},"inLanguage":"en-GB","potentialAction":[{"@type":"ReadAction","target":["https:\/\/www.eseye.com.tr\/en-gb\/"]}]},{"@type":"ImageObject","inLanguage":"en-GB","@id":"https:\/\/www.eseye.com.tr\/en-gb\/#primaryimage","url":"https:\/\/www.eseye.com.tr\/wp-content\/uploads\/2021\/05\/Agriculture-Home-Small-600-w-x-800-h.jpg","contentUrl":"https:\/\/www.eseye.com.tr\/wp-content\/uploads\/2021\/05\/Agriculture-Home-Small-600-w-x-800-h.jpg","width":800,"height":1067,"caption":"Woman smart agriculture IoT"},{"@type":"BreadcrumbList","@id":"https:\/\/www.eseye.com.tr\/en-gb\/#breadcrumb","itemListElement":[{"@type":"ListItem","position":1,"name":"Home","item":"https:\/\/www.eseye.com.tr\/en-gb\/"},{"@type":"ListItem","position":2,"name":"Home"}]},{"@type":"WebSite","@id":"https:\/\/www.eseye.com.tr\/en-gb\/#website","url":"https:\/\/www.eseye.com.tr\/en-gb\/","name":"Eseye | Global H\u00fccresel IoT Ba\u011flant\u0131s\u0131","description":"T\u00fcrk y\u00f6netmeliklerine uyan yerelle\u015ftirilmi\u015f ba\u011flant\u0131 dahil 800\u2019den fazla mobil a\u011fa eri\u015fim sa\u011flayan en geli\u015fmi\u015f, ak\u0131ll\u0131 eSIM","publisher":{"@id":"https:\/\/www.eseye.com.tr\/en-gb\/#organization"},"potentialAction":[{"@type":"SearchAction","target":{"@type":"EntryPoint","urlTemplate":"https:\/\/www.eseye.com.tr\/en-gb\/?s={search_term_string}"},"query-input":{"@type":"PropertyValueSpecification","valueRequired":true,"valueName":"search_term_string"}}],"inLanguage":"en-GB"},{"@type":"Organization","@id":"https:\/\/www.eseye.com.tr\/en-gb\/#organization","name":"Eseye Ltd","url":"https:\/\/www.eseye.com.tr\/en-gb\/","logo":{"@type":"ImageObject","inLanguage":"en-GB","@id":"https:\/\/www.eseye.com.tr\/en-gb\/#\/schema\/logo\/image\/","url":"https:\/\/eseyecomtr.wpengine.com\/wp-content\/uploads\/2021\/03\/ESEYE-FULLCOLOUR-crop-small.jpg","contentUrl":"https:\/\/eseyecomtr.wpengine.com\/wp-content\/uploads\/2021\/03\/ESEYE-FULLCOLOUR-crop-small.jpg","width":1000,"height":128,"caption":"Eseye Ltd"},"image":{"@id":"https:\/\/www.eseye.com.tr\/en-gb\/#\/schema\/logo\/image\/"}}]}},"_links":{"self":[{"href":"https:\/\/www.eseye.com.tr\/en-gb\/wp-json\/wp\/v2\/pages\/30","targetHints":{"allow":["GET"]}}],"collection":[{"href":"https:\/\/www.eseye.com.tr\/en-gb\/wp-json\/wp\/v2\/pages"}],"about":[{"href":"https:\/\/www.eseye.com.tr\/en-gb\/wp-json\/wp\/v2\/types\/page"}],"author":[{"embeddable":true,"href":"https:\/\/www.eseye.com.tr\/en-gb\/wp-json\/wp\/v2\/users\/1"}],"replies":[{"embeddable":true,"href":"https:\/\/www.eseye.com.tr\/en-gb\/wp-json\/wp\/v2\/comments?post=30"}],"version-history":[{"count":0,"href":"https:\/\/www.eseye.com.tr\/en-gb\/wp-json\/wp\/v2\/pages\/30\/revisions"}],"wp:featuredmedia":[{"embeddable":true,"href":"https:\/\/www.eseye.com.tr\/en-gb\/wp-json\/wp\/v2\/media\/7515"}],"wp:attachment":[{"href":"https:\/\/www.eseye.com.tr\/en-gb\/wp-json\/wp\/v2\/media?parent=30"}],"curies":[{"name":"wp","href":"https:\/\/api.w.org\/{rel}","templated":true}]}}